{"id":1388,"date":"2026-02-12T13:05:31","date_gmt":"2026-02-12T13:05:31","guid":{"rendered":"https:\/\/bravodomar.pt\/programa-mar\/"},"modified":"2026-03-05T17:53:14","modified_gmt":"2026-03-05T17:53:14","slug":"programa-mar","status":"publish","type":"page","link":"https:\/\/bravodomar.pt\/en\/programa-mar\/","title":{"rendered":"PROGRAMA-MAR"},"content":{"rendered":"\t\t<div data-elementor-type=\"wp-page\" data-elementor-id=\"1388\" class=\"elementor elementor-1388 elementor-1046\">\n\t\t\t\t<div class=\"elementor-element elementor-element-e214150 e-con-full e-flex wpr-sticky-section-no e-con e-parent\" data-id=\"e214150\" data-element_type=\"container\" data-e-type=\"container\" data-settings=\"{&quot;background_background&quot;:&quot;classic&quot;}\">\n\t\t<div class=\"elementor-element elementor-element-605791f e-con-full e-flex wpr-sticky-section-no e-con e-child\" data-id=\"605791f\" data-element_type=\"container\" data-e-type=\"container\" data-settings=\"{&quot;background_background&quot;:&quot;slideshow&quot;,&quot;background_slideshow_gallery&quot;:[{&quot;id&quot;:1128,&quot;url&quot;:&quot;https:\\\/\\\/bravodomar.pt\\\/wp-content\\\/uploads\\\/2025\\\/11\\\/Heros_FAQ-left.jpg&quot;}],&quot;background_slideshow_loop&quot;:&quot;yes&quot;,&quot;background_slideshow_slide_duration&quot;:5000,&quot;background_slideshow_slide_transition&quot;:&quot;fade&quot;,&quot;background_slideshow_transition_duration&quot;:500}\">\n\t\t\t\t<\/div>\n\t\t<div class=\"elementor-element elementor-element-bd1020e e-con-full e-flex wpr-sticky-section-no e-con e-child\" data-id=\"bd1020e\" data-element_type=\"container\" data-e-type=\"container\" data-settings=\"{&quot;background_background&quot;:&quot;slideshow&quot;,&quot;background_slideshow_gallery&quot;:[{&quot;id&quot;:1389,&quot;url&quot;:&quot;https:\\\/\\\/bravodomar.pt\\\/wp-content\\\/uploads\\\/2026\\\/02\\\/Heros_Prog-mar-right.jpg&quot;}],&quot;background_slideshow_slide_duration&quot;:1000,&quot;background_slideshow_transition_duration&quot;:1,&quot;background_slideshow_loop&quot;:&quot;yes&quot;,&quot;background_slideshow_slide_transition&quot;:&quot;fade&quot;}\">\n\t\t\t\t<\/div>\n\t\t\t\t<\/div>\n\t\t<div class=\"elementor-element elementor-element-f07c7a5 e-flex e-con-boxed wpr-sticky-section-no e-con e-parent\" data-id=\"f07c7a5\" data-element_type=\"container\" data-e-type=\"container\" data-settings=\"{&quot;background_background&quot;:&quot;classic&quot;}\">\n\t\t\t\t\t<div class=\"e-con-inner\">\n\t\t\t\t<div class=\"elementor-element elementor-element-04e5828 elementor-widget elementor-widget-image\" data-id=\"04e5828\" data-element_type=\"widget\" data-e-type=\"widget\" data-widget_type=\"image.default\">\n\t\t\t\t\t\t\t\t\t\t\t\t\t\t\t<img decoding=\"async\" width=\"81\" height=\"45\" src=\"https:\/\/bravodomar.pt\/wp-content\/uploads\/2025\/11\/x-separador.png\" class=\"attachment-large size-large wp-image-1112\" alt=\"\" \/>\t\t\t\t\t\t\t\t\t\t\t\t\t\t\t<\/div>\n\t\t\t\t<div class=\"elementor-element elementor-element-e28a0c0 elementor-widget elementor-widget-spacer\" data-id=\"e28a0c0\" data-element_type=\"widget\" data-e-type=\"widget\" data-widget_type=\"spacer.default\">\n\t\t\t\t\t\t\t<div class=\"elementor-spacer\">\n\t\t\t<div class=\"elementor-spacer-inner\"><\/div>\n\t\t<\/div>\n\t\t\t\t\t\t<\/div>\n\t\t\t\t<div class=\"elementor-element elementor-element-9e23ffd elementor-widget__width-initial elementor-widget elementor-widget-heading\" data-id=\"9e23ffd\" data-element_type=\"widget\" data-e-type=\"widget\" data-widget_type=\"heading.default\">\n\t\t\t\t\t<h2 class=\"elementor-heading-title elementor-size-default\">MAR 2020 E MAR2030<\/h2>\t\t\t\t<\/div>\n\t\t\t\t\t<\/div>\n\t\t\t\t<\/div>\n\t\t<div class=\"elementor-element elementor-element-32f07a4 e-flex e-con-boxed wpr-sticky-section-no e-con e-parent\" data-id=\"32f07a4\" data-element_type=\"container\" data-e-type=\"container\" data-settings=\"{&quot;background_background&quot;:&quot;classic&quot;}\">\n\t\t\t\t\t<div class=\"e-con-inner\">\n\t\t<div class=\"elementor-element elementor-element-b0fd0ef e-con-full e-flex wpr-sticky-section-no e-con e-child\" data-id=\"b0fd0ef\" data-element_type=\"container\" data-e-type=\"container\">\n\t\t\t\t<div class=\"elementor-element elementor-element-00e7ff5 elementor-widget-divider--view-line elementor-widget elementor-widget-divider\" data-id=\"00e7ff5\" data-element_type=\"widget\" data-e-type=\"widget\" data-widget_type=\"divider.default\">\n\t\t\t\t\t\t\t<div class=\"elementor-divider\">\n\t\t\t<span class=\"elementor-divider-separator\">\n\t\t\t\t\t\t<\/span>\n\t\t<\/div>\n\t\t\t\t\t\t<\/div>\n\t\t\t\t<div class=\"elementor-element elementor-element-d904414 elementor-widget elementor-widget-text-editor\" data-id=\"d904414\" data-element_type=\"widget\" data-e-type=\"widget\" data-widget_type=\"text-editor.default\">\n\t\t\t\t\t\t\t\t\t<div><div><div class=\"et_pb_module et_pb_text et_pb_text_3 et_pb_text_align_left et_pb_bg_layout_light\"><div class=\"et_pb_text_inner\"><div class=\"et_pb_module et_pb_text et_pb_text_4 et_pb_text_align_left et_pb_bg_layout_light\"><div class=\"et_pb_text_inner\"><div class=\"et_pb_module et_pb_text et_pb_text_5 et_pb_text_align_left et_pb_bg_layout_light\"><div class=\"et_pb_text_inner\"><div class=\"et_pb_module et_pb_text et_pb_text_6 et_pb_text_align_left et_pb_bg_layout_light\"><div class=\"et_pb_text_inner\"><div class=\"et_pb_module et_pb_text et_pb_text_7 et_pb_text_align_left et_pb_bg_layout_light\"><div class=\"et_pb_text_inner\"><div class=\"et_pb_module et_pb_text et_pb_text_8 et_pb_text_align_left et_pb_bg_layout_light\"><div class=\"et_pb_text_inner\"><div><div class=\"x_x_WordSection1\"><div data-olk-copy-source=\"MessageBody\"><p><strong>Projecto: MAR-031.2.1-FEAMPA-00025<\/strong><\/p><p>Amplia\u00e7\u00e3o, Moderniza\u00e7\u00e3o e Inova\u00e7\u00e3o<\/p><\/div><div><p><strong>Medida: <\/strong>Permitir e fomentar o desenvolvimento de uma economia azul sustent\u00e1vel das comunidades piscat\u00f3rias e de aquicultura. Execu\u00e7\u00e3o da Estrat\u00e9gia de Desenvolvimento Local.<\/p><\/div><\/div><\/div><ul><li>Custo eleg\u00edvel: 103.026,15\u20ac<\/li><li>Apoio financeiro da UE: 36.059,16\u20ac<\/li><\/ul><\/div><\/div><\/div><\/div><\/div><\/div><\/div><\/div><\/div><\/div><\/div><\/div><\/div><\/div>\t\t\t\t\t\t\t\t<\/div>\n\t\t\t\t<div class=\"elementor-element elementor-element-820f4f7 elementor-widget elementor-widget-spacer\" data-id=\"820f4f7\" data-element_type=\"widget\" data-e-type=\"widget\" data-widget_type=\"spacer.default\">\n\t\t\t\t\t\t\t<div class=\"elementor-spacer\">\n\t\t\t<div class=\"elementor-spacer-inner\"><\/div>\n\t\t<\/div>\n\t\t\t\t\t\t<\/div>\n\t\t\t\t<div class=\"elementor-element elementor-element-ffaa4ef elementor-widget elementor-widget-button\" data-id=\"ffaa4ef\" data-element_type=\"widget\" data-e-type=\"widget\" data-widget_type=\"button.default\">\n\t\t\t\t\t\t\t\t\t\t<a class=\"elementor-button elementor-button-link elementor-size-sm\" href=\"https:\/\/bravodomar.pt\/wp-content\/uploads\/2026\/03\/PT2030_FichaOperacao_A4-peixaria.pdf\" target=\"_blank\">\n\t\t\t\t\t\t<span class=\"elementor-button-content-wrapper\">\n\t\t\t\t\t\t<span class=\"elementor-button-icon\">\n\t\t\t\t<svg aria-hidden=\"true\" class=\"e-font-icon-svg e-far-file-alt\" viewBox=\"0 0 384 512\" xmlns=\"http:\/\/www.w3.org\/2000\/svg\"><path d=\"M288 248v28c0 6.6-5.4 12-12 12H108c-6.6 0-12-5.4-12-12v-28c0-6.6 5.4-12 12-12h168c6.6 0 12 5.4 12 12zm-12 72H108c-6.6 0-12 5.4-12 12v28c0 6.6 5.4 12 12 12h168c6.6 0 12-5.4 12-12v-28c0-6.6-5.4-12-12-12zm108-188.1V464c0 26.5-21.5 48-48 48H48c-26.5 0-48-21.5-48-48V48C0 21.5 21.5 0 48 0h204.1C264.8 0 277 5.1 286 14.1L369.9 98c9 8.9 14.1 21.2 14.1 33.9zm-128-80V128h76.1L256 51.9zM336 464V176H232c-13.3 0-24-10.7-24-24V48H48v416h288z\"><\/path><\/svg>\t\t\t<\/span>\n\t\t\t\t\t\t\t\t\t<span class=\"elementor-button-text\">Ficha do Projecto<\/span>\n\t\t\t\t\t<\/span>\n\t\t\t\t\t<\/a>\n\t\t\t\t\t\t\t\t<\/div>\n\t\t\t\t<\/div>\n\t\t<div class=\"elementor-element elementor-element-198bee3 e-con-full e-flex wpr-sticky-section-no e-con e-child\" data-id=\"198bee3\" data-element_type=\"container\" data-e-type=\"container\">\n\t\t\t\t<div class=\"elementor-element elementor-element-f596a68 elementor-widget-divider--view-line elementor-widget elementor-widget-divider\" data-id=\"f596a68\" data-element_type=\"widget\" data-e-type=\"widget\" data-widget_type=\"divider.default\">\n\t\t\t\t\t\t\t<div class=\"elementor-divider\">\n\t\t\t<span class=\"elementor-divider-separator\">\n\t\t\t\t\t\t<\/span>\n\t\t<\/div>\n\t\t\t\t\t\t<\/div>\n\t\t\t\t<div class=\"elementor-element elementor-element-b7ce7df elementor-widget elementor-widget-text-editor\" data-id=\"b7ce7df\" data-element_type=\"widget\" data-e-type=\"widget\" data-widget_type=\"text-editor.default\">\n\t\t\t\t\t\t\t\t\t<div><div><div class=\"et_pb_module et_pb_text et_pb_text_3 et_pb_text_align_left et_pb_bg_layout_light\"><div class=\"et_pb_text_inner\"><div class=\"et_pb_module et_pb_text et_pb_text_4 et_pb_text_align_left et_pb_bg_layout_light\"><div class=\"et_pb_text_inner\"><div class=\"et_pb_module et_pb_text et_pb_text_5 et_pb_text_align_left et_pb_bg_layout_light\"><div class=\"et_pb_text_inner\"><div class=\"et_pb_module et_pb_text et_pb_text_6 et_pb_text_align_left et_pb_bg_layout_light\"><div class=\"et_pb_text_inner\"><div class=\"et_pb_module et_pb_text et_pb_text_7 et_pb_text_align_left et_pb_bg_layout_light\"><div class=\"et_pb_text_inner\"><div class=\"et_pb_module et_pb_text et_pb_text_8 et_pb_text_align_left et_pb_bg_layout_light\"><div class=\"et_pb_text_inner\"><div><div class=\"x_x_WordSection1\"><div data-olk-copy-source=\"MessageBody\"><p><strong>Mitiga\u00e7\u00e3o dos efeitos do aumento dos custos de<br \/>produ\u00e7\u00e3o<br \/><\/strong><\/p><p><strong>Medida:<\/strong> Fomentar a transforma\u00e7\u00e3o e comercializa\u00e7\u00e3o de produtos da pesca, contribuir para a seguran\u00e7a alimentar.<\/p><\/div><\/div><\/div><ul><li>Custo eleg\u00edvel: 44.282,32\u00a0 euros<\/li><li>Apoio Financeiro da UE:\u00a0 30.997,62 euros<\/li><\/ul><\/div><\/div><\/div><\/div><\/div><\/div><\/div><\/div><\/div><\/div><\/div><\/div><\/div><\/div>\t\t\t\t\t\t\t\t<\/div>\n\t\t\t\t<div class=\"elementor-element elementor-element-ca227ec elementor-widget elementor-widget-spacer\" data-id=\"ca227ec\" data-element_type=\"widget\" data-e-type=\"widget\" data-widget_type=\"spacer.default\">\n\t\t\t\t\t\t\t<div class=\"elementor-spacer\">\n\t\t\t<div class=\"elementor-spacer-inner\"><\/div>\n\t\t<\/div>\n\t\t\t\t\t\t<\/div>\n\t\t\t\t<div class=\"elementor-element elementor-element-1d7492e elementor-widget elementor-widget-button\" data-id=\"1d7492e\" data-element_type=\"widget\" data-e-type=\"widget\" data-widget_type=\"button.default\">\n\t\t\t\t\t\t\t\t\t\t<a class=\"elementor-button elementor-button-link elementor-size-sm\" href=\"https:\/\/bravodomar.pt\/wp-content\/uploads\/2026\/03\/PUBLICITACAO-FEAMPA-00142.pdf\" target=\"_blank\">\n\t\t\t\t\t\t<span class=\"elementor-button-content-wrapper\">\n\t\t\t\t\t\t<span class=\"elementor-button-icon\">\n\t\t\t\t<svg aria-hidden=\"true\" class=\"e-font-icon-svg e-far-file-alt\" viewBox=\"0 0 384 512\" xmlns=\"http:\/\/www.w3.org\/2000\/svg\"><path d=\"M288 248v28c0 6.6-5.4 12-12 12H108c-6.6 0-12-5.4-12-12v-28c0-6.6 5.4-12 12-12h168c6.6 0 12 5.4 12 12zm-12 72H108c-6.6 0-12 5.4-12 12v28c0 6.6 5.4 12 12 12h168c6.6 0 12-5.4 12-12v-28c0-6.6-5.4-12-12-12zm108-188.1V464c0 26.5-21.5 48-48 48H48c-26.5 0-48-21.5-48-48V48C0 21.5 21.5 0 48 0h204.1C264.8 0 277 5.1 286 14.1L369.9 98c9 8.9 14.1 21.2 14.1 33.9zm-128-80V128h76.1L256 51.9zM336 464V176H232c-13.3 0-24-10.7-24-24V48H48v416h288z\"><\/path><\/svg>\t\t\t<\/span>\n\t\t\t\t\t\t\t\t\t<span class=\"elementor-button-text\">Ficha do Projecto<\/span>\n\t\t\t\t\t<\/span>\n\t\t\t\t\t<\/a>\n\t\t\t\t\t\t\t\t<\/div>\n\t\t\t\t<\/div>\n\t\t\t\t\t<\/div>\n\t\t\t\t<\/div>\n\t\t\t\t<\/div>\n\t\t","protected":false},"excerpt":{"rendered":"<p>MAR 2020 E MAR2030 Projecto: MAR-031.2.1-FEAMPA-00025 Amplia\u00e7\u00e3o, Moderniza\u00e7\u00e3o e Inova\u00e7\u00e3o Medida: Permitir e fomentar o desenvolvimento de uma economia azul sustent\u00e1vel das comunidades piscat\u00f3rias e de aquicultura. Execu\u00e7\u00e3o da Estrat\u00e9gia de Desenvolvimento Local. Custo eleg\u00edvel: 103.026,15\u20ac Apoio financeiro da UE: 36.059,16\u20ac Ficha do Projecto Mitiga\u00e7\u00e3o dos efeitos do aumento dos custos deprodu\u00e7\u00e3o Medida: Fomentar a transforma\u00e7\u00e3o e comercializa\u00e7\u00e3o de produtos da pesca, contribuir para a seguran\u00e7a alimentar. Custo eleg\u00edvel: 44.282,32\u00a0 euros Apoio Financeiro da UE:\u00a0 30.997,62 euros Ficha do Projecto<\/p>\n","protected":false},"author":1,"featured_media":0,"parent":0,"menu_order":0,"comment_status":"closed","ping_status":"closed","template":"elementor_header_footer","meta":{"footnotes":""},"class_list":["post-1388","page","type-page","status-publish","hentry"],"_links":{"self":[{"href":"https:\/\/bravodomar.pt\/en\/wp-json\/wp\/v2\/pages\/1388","targetHints":{"allow":["GET"]}}],"collection":[{"href":"https:\/\/bravodomar.pt\/en\/wp-json\/wp\/v2\/pages"}],"about":[{"href":"https:\/\/bravodomar.pt\/en\/wp-json\/wp\/v2\/types\/page"}],"author":[{"embeddable":true,"href":"https:\/\/bravodomar.pt\/en\/wp-json\/wp\/v2\/users\/1"}],"replies":[{"embeddable":true,"href":"https:\/\/bravodomar.pt\/en\/wp-json\/wp\/v2\/comments?post=1388"}],"version-history":[{"count":4,"href":"https:\/\/bravodomar.pt\/en\/wp-json\/wp\/v2\/pages\/1388\/revisions"}],"predecessor-version":[{"id":1393,"href":"https:\/\/bravodomar.pt\/en\/wp-json\/wp\/v2\/pages\/1388\/revisions\/1393"}],"wp:attachment":[{"href":"https:\/\/bravodomar.pt\/en\/wp-json\/wp\/v2\/media?parent=1388"}],"curies":[{"name":"wp","href":"https:\/\/api.w.org\/{rel}","templated":true}]}}